{"id":700,"date":"2016-06-30T06:17:11","date_gmt":"2016-06-30T05:17:11","guid":{"rendered":"https:\/\/wpmanager.buffet-group.com\/courtois\/ja\/?page_id=700"},"modified":"2021-10-25T16:57:13","modified_gmt":"2021-10-25T15:57:13","slug":"our-story","status":"publish","type":"page","link":"https:\/\/www.a-courtois.com\/ja\/our-story\/","title":{"rendered":"\u30d6\u30e9\u30f3\u30c9\u306e\u6b74\u53f2"},"content":{"rendered":"<p>\t\t\t<!-- Cool Timeline PRO V4.9.1 --><\/p>\n<div class=\"ctl-wrapper\" role=\"region\" aria-label=\"Timeline\">\n<div id=\"cool_timeline_1\" class=\"cool-timeline-wrapper ctl-both-sided ctl-vertical-wrapper ctl-design-3 light-skin\" data-nav=\"show\" data-line-filling=\"false\" data-nav-pos=\"left\" data-nav-style=\"style-1\">\n<div class=\"ctl-start\"><\/div>\n<p>\t\t\t\t\t<!-- Timeline Container --><\/p>\n<div class=\"ctl-timeline ctl-timeline-container\" data-animation=\"slide-down\" aria-live=\"polite\">\n\t\t\t\t\t\t<!-- Center Line --><\/p>\n<div class=\"ctl-inner-line\" role=\"presentation\"><\/div>\n<p>\t\t\t\t\t\t<!-- Timeline Content --><\/p>\n<div id=\"ctl-story-2715\" class=\"ctl-story ctl-story-icon odd ctl-story-left ctl-no-media\" data-story-index=\"1\" role=\"article\"><!-- Story Icon --><\/p>\n<div class=\"ctl-icon\"><i class=\"fa fa-clock-o\" aria-hidden=\"true\"><\/i><\/div>\n<p> <!-- Story Arrow --><\/p>\n<div class=\"ctl-arrow\"><\/div>\n<p>\t\t\t<!-- Story Content --><\/p>\n<div class=\"ctl-content\"><!-- Story Title --> <\/p>\n<div class=\"ctl-title story-2715\" role=\"heading\" aria-level=\"2\">1789<\/div>\n<p><!-- Story Description --><\/p>\n<div class=\"ctl-description\">\n<p>Antoine Courtois&#8217; father creates the first family-run worship for manufacturing instruments during the french revolution in Paris rue Mazarine. Located in what is know how as the Latin quarter of Saint-Germain-des-Pr\u00e9s. A natural horn exhibited in Berlin and a cavalery trumpet in the museum of Paris conservatory bear witness by their engravings to this early period.<\/p>\n<p>The trumpet was once the property of the parliamentary officer sent by Napoleon Bonaparte to the siege of St John d&#8217;Acre in 1799.<\/p>\n<\/div>\n<\/div>\n<\/div>\n<p><!-- Timeline Content --><\/p>\n<div id=\"ctl-story-2714\" class=\"ctl-story ctl-story-icon even ctl-story-right ctl-no-media\" data-story-index=\"2\" role=\"article\"><!-- Story Icon --><\/p>\n<div class=\"ctl-icon\"><i class=\"fa fa-clock-o\" aria-hidden=\"true\"><\/i><\/div>\n<p> <!-- Story Arrow --><\/p>\n<div class=\"ctl-arrow\"><\/div>\n<p>\t\t\t<!-- Story Content --><\/p>\n<div class=\"ctl-content\"><!-- Story Title --> <\/p>\n<div class=\"ctl-title story-2714\" role=\"heading\" aria-level=\"2\">1803<\/div>\n<p><!-- Story Description --><\/p>\n<div class=\"ctl-description\">\n<p>Antoine Courtois (1770-1855) moves his workshops to 21 rue du Caire. Included among his instruments of this era , semi circular trumpets sounding similar to the horn, slide trombones, flugelhorns with keys, horns and few ophicleides were found.<\/p>\n<\/div>\n<\/div>\n<\/div>\n<p><!-- Timeline Content --><\/p>\n<div id=\"ctl-story-2713\" class=\"ctl-story ctl-story-icon odd ctl-story-left ctl-no-media\" data-story-index=\"3\" role=\"article\"><!-- Story Icon --><\/p>\n<div class=\"ctl-icon\"><i class=\"fa fa-clock-o\" aria-hidden=\"true\"><\/i><\/div>\n<p> <!-- Story Arrow --><\/p>\n<div class=\"ctl-arrow\"><\/div>\n<p>\t\t\t<!-- Story Content --><\/p>\n<div class=\"ctl-content\"><!-- Story Title --> <\/p>\n<div class=\"ctl-title story-2713\" role=\"heading\" aria-level=\"2\">1851<\/div>\n<p><!-- Story Description --><\/p>\n<div class=\"ctl-description\">\n<p>On the 21st of February 1851, Denis A. Courtois&#8217; son and successor of Antoine Courtois in 1844, patents his invention at the Seine Department Prefecture for improvements in the manufacturing of brass instruments and in particular for making valves.<\/p>\n<\/div>\n<\/div>\n<\/div>\n<p><!-- Timeline Content --><\/p>\n<div id=\"ctl-story-2712\" class=\"ctl-story ctl-story-icon even ctl-story-right ctl-no-media\" data-story-index=\"4\" role=\"article\"><!-- Story Icon --><\/p>\n<div class=\"ctl-icon\"><i class=\"fa fa-clock-o\" aria-hidden=\"true\"><\/i><\/div>\n<p> <!-- Story Arrow --><\/p>\n<div class=\"ctl-arrow\"><\/div>\n<p>\t\t\t<!-- Story Content --><\/p>\n<div class=\"ctl-content\"><!-- Story Title --> <\/p>\n<div class=\"ctl-title story-2712\" role=\"heading\" aria-level=\"2\">1856<\/div>\n<p><!-- Story Description --><\/p>\n<div class=\"ctl-description\">\n<p>Denis A. Courtois moves the manufacturing plant to 88 rue du Marais, where he works on improving instruments in partnership with renowned artists such as Jean-Baptiste Arban, a collaboration that would bring us the Arban valve.<\/p>\n<\/div>\n<\/div>\n<\/div>\n<p><!-- Timeline Content --><\/p>\n<div id=\"ctl-story-2711\" class=\"ctl-story ctl-story-icon odd ctl-story-left ctl-no-media\" data-story-index=\"5\" role=\"article\"><!-- Story Icon --><\/p>\n<div class=\"ctl-icon\"><i class=\"fa fa-clock-o\" aria-hidden=\"true\"><\/i><\/div>\n<p> <!-- Story Arrow --><\/p>\n<div class=\"ctl-arrow\"><\/div>\n<p>\t\t\t<!-- Story Content --><\/p>\n<div class=\"ctl-content\"><!-- Story Title --> <\/p>\n<div class=\"ctl-title story-2711\" role=\"heading\" aria-level=\"2\">1878<\/div>\n<p><!-- Story Description --><\/p>\n<div class=\"ctl-description\">\n<p>The Antoine Courtois business wins the gold medal at the Universal exhibition in Paris for the quality of their instruments &#8220;of an excellent workmanship and impeccable accuracy&#8221;<\/p>\n<\/div>\n<\/div>\n<\/div>\n<p><!-- Timeline Content --><\/p>\n<div id=\"ctl-story-2710\" class=\"ctl-story ctl-story-icon even ctl-story-right ctl-no-media\" data-story-index=\"6\" role=\"article\"><!-- Story Icon --><\/p>\n<div class=\"ctl-icon\"><i class=\"fa fa-clock-o\" aria-hidden=\"true\"><\/i><\/div>\n<p> <!-- Story Arrow --><\/p>\n<div class=\"ctl-arrow\"><\/div>\n<p>\t\t\t<!-- Story Content --><\/p>\n<div class=\"ctl-content\"><!-- Story Title --> <\/p>\n<div class=\"ctl-title story-2710\" role=\"heading\" aria-level=\"2\">1880<\/div>\n<p><!-- Story Description --><\/p>\n<div class=\"ctl-description\">\n<p>Denis A. Courtois having no descendant is succeeded after his death by workshop foreman Auguste Mille, who on 29th July 1880, founds the Antoine Courtois and Mille society with 20000 francs capital. He runs the company for the next 15 years, having at that time nearly 25 employees. This is a period that would reap many awards from various international exhibitions.<\/p>\n<\/div>\n<\/div>\n<\/div>\n<p><!-- Timeline Content --><\/p>\n<div id=\"ctl-story-2709\" class=\"ctl-story ctl-story-icon odd ctl-story-left ctl-no-media\" data-story-index=\"7\" role=\"article\"><!-- Story Icon --><\/p>\n<div class=\"ctl-icon\"><i class=\"fa fa-clock-o\" aria-hidden=\"true\"><\/i><\/div>\n<p> <!-- Story Arrow --><\/p>\n<div class=\"ctl-arrow\"><\/div>\n<p>\t\t\t<!-- Story Content --><\/p>\n<div class=\"ctl-content\"><!-- Story Title --> <\/p>\n<div class=\"ctl-title story-2709\" role=\"heading\" aria-level=\"2\">1895<\/div>\n<p><!-- Story Description --><\/p>\n<div class=\"ctl-description\">\n<p>After 1895, Emile Delvaux and Amedee Legay succeed Auguste Mille, and give instruments away to the most deserving musicians at the Paris Conservatory and continue collecting rewards at universal exhibitions.<\/p>\n<\/div>\n<\/div>\n<\/div>\n<p><!-- Timeline Content --><\/p>\n<div id=\"ctl-story-2708\" class=\"ctl-story ctl-story-icon even ctl-story-right ctl-no-media\" data-story-index=\"8\" role=\"article\"><!-- Story Icon --><\/p>\n<div class=\"ctl-icon\"><i class=\"fa fa-clock-o\" aria-hidden=\"true\"><\/i><\/div>\n<p> <!-- Story Arrow --><\/p>\n<div class=\"ctl-arrow\"><\/div>\n<p>\t\t\t<!-- Story Content --><\/p>\n<div class=\"ctl-content\"><!-- Story Title --> <\/p>\n<div class=\"ctl-title story-2708\" role=\"heading\" aria-level=\"2\">1909<\/div>\n<p><!-- Story Description --><\/p>\n<div class=\"ctl-description\">\n<p>Antoine Courtois&#8217; brand becomes the exclusive supplier of the Ministry of Beaux Arts for the conservatory of Paris and other departments the Op\u00e9ra, the Op\u00e9ra comique, classical concerts and la Garde R\u00e9publicaine.<\/p>\n<\/div>\n<\/div>\n<\/div>\n<p><!-- Timeline Content --><\/p>\n<div id=\"ctl-story-2707\" class=\"ctl-story ctl-story-icon odd ctl-story-left ctl-no-media\" data-story-index=\"9\" role=\"article\"><!-- Story Icon --><\/p>\n<div class=\"ctl-icon\"><i class=\"fa fa-clock-o\" aria-hidden=\"true\"><\/i><\/div>\n<p> <!-- Story Arrow --><\/p>\n<div class=\"ctl-arrow\"><\/div>\n<p>\t\t\t<!-- Story Content --><\/p>\n<div class=\"ctl-content\"><!-- Story Title --> <\/p>\n<div class=\"ctl-title story-2707\" role=\"heading\" aria-level=\"2\">1917<\/div>\n<p><!-- Story Description --><\/p>\n<div class=\"ctl-description\">\n<p>The music publisher Emmanuel Gaudet and Emile Deslaurier acquired Antoine Courtois&#8217; manufacturing plant located at 88 rue du Marais, they lend a new perspective and bring 100000 francs to the capital of the company in 31st August 1927, and relocated the company 8 rue de Nancy.<\/p>\n<\/div>\n<\/div>\n<\/div>\n<p><!-- Timeline Content --><\/p>\n<div id=\"ctl-story-2706\" class=\"ctl-story ctl-story-icon even ctl-story-right ctl-no-media\" data-story-index=\"10\" role=\"article\"><!-- Story Icon --><\/p>\n<div class=\"ctl-icon\"><i class=\"fa fa-clock-o\" aria-hidden=\"true\"><\/i><\/div>\n<p> <!-- Story Arrow --><\/p>\n<div class=\"ctl-arrow\"><\/div>\n<p>\t\t\t<!-- Story Content --><\/p>\n<div class=\"ctl-content\"><!-- Story Title --> <\/p>\n<div class=\"ctl-title story-2706\" role=\"heading\" aria-level=\"2\">1956<\/div>\n<p><!-- Story Description --><\/p>\n<div class=\"ctl-description\">\n<p>Paul Gaudet, succeeded to his father at the direction of the company and opens a manufacturing plant in Amboise Indre et Loire.<\/p>\n<\/div>\n<\/div>\n<\/div>\n<p><!-- Timeline Content --><\/p>\n<div id=\"ctl-story-2705\" class=\"ctl-story ctl-story-icon odd ctl-story-left ctl-no-media\" data-story-index=\"11\" role=\"article\"><!-- Story Icon --><\/p>\n<div class=\"ctl-icon\"><i class=\"fa fa-clock-o\" aria-hidden=\"true\"><\/i><\/div>\n<p> <!-- Story Arrow --><\/p>\n<div class=\"ctl-arrow\"><\/div>\n<p>\t\t\t<!-- Story Content --><\/p>\n<div class=\"ctl-content\"><!-- Story Title --> <\/p>\n<div class=\"ctl-title story-2705\" role=\"heading\" aria-level=\"2\">1967<\/div>\n<p><!-- Story Description --><\/p>\n<div class=\"ctl-description\">\n<p>Jacques Gaudet starts to work with his father and continues the development and research on instruments with great artists.<\/p>\n<p>He then leads the company since 1980.<\/p>\n<\/div>\n<\/div>\n<\/div>\n<p><!-- Timeline Content --><\/p>\n<div id=\"ctl-story-2704\" class=\"ctl-story ctl-story-icon even ctl-story-right ctl-no-media\" data-story-index=\"12\" role=\"article\"><!-- Story Icon --><\/p>\n<div class=\"ctl-icon\"><i class=\"fa fa-clock-o\" aria-hidden=\"true\"><\/i><\/div>\n<p> <!-- Story Arrow --><\/p>\n<div class=\"ctl-arrow\"><\/div>\n<p>\t\t\t<!-- Story Content --><\/p>\n<div class=\"ctl-content\"><!-- Story Title --> <\/p>\n<div class=\"ctl-title story-2704\" role=\"heading\" aria-level=\"2\">2006<\/div>\n<p><!-- Story Description --><\/p>\n<div class=\"ctl-description\">\n<p>After several years as part of the german group JA Musik, Antoine Courtois&#8217; brand is back to french history with the acquisition by Buffet Crampon Group and then concentrated on its historic expertise.<\/p>\n<\/div>\n<\/div>\n<\/div>\n<p><!-- Timeline Content --><\/p>\n<div id=\"ctl-story-2703\" class=\"ctl-story ctl-story-icon odd ctl-story-left ctl-no-media\" data-story-index=\"13\" role=\"article\"><!-- Story Icon --><\/p>\n<div class=\"ctl-icon\"><i class=\"fa fa-clock-o\" aria-hidden=\"true\"><\/i><\/div>\n<p> <!-- Story Arrow --><\/p>\n<div class=\"ctl-arrow\"><\/div>\n<p>\t\t\t<!-- Story Content --><\/p>\n<div class=\"ctl-content\"><!-- Story Title --> <\/p>\n<div class=\"ctl-title story-2703\" role=\"heading\" aria-level=\"2\">2013<\/div>\n<p><!-- Story Description --><\/p>\n<div class=\"ctl-description\">\n<p>Buffet Crampon group acquires B&amp;S GmbH, the german company founded 250 years ago and which is leading german brass instrument brands manufactured in Markneukirchen. Then Antoine Courtois&#8217;workshops moves their to join the manufacturing of the top quality brass brands.<\/p>\n<\/div>\n<\/div>\n<\/div><\/div>\n<div class=\"ctl-end\"><\/div>\n<p>\t\t\t\t\t\t\t\t\t\t<!-- Each Timeline Style --><\/p>\n<style id=\"cool_timeline_1-styles\" type=\"text\/css\">\n\t\t\t\t\t\t.ctl-wrapper .cool-timeline-wrapper.ctl-vertical-wrapper.ctl-design-3 {--ctw-cbx-title-color: #666666;--ctw-ybx-bg: #025149;}\t\t\t\t\t\t\/* Specific Story Style Start *\/\/* Specific Story Style End *\/\t\t\t\t\t<\/style>\n<\/p><\/div>\n<\/p><\/div>\n","protected":false},"excerpt":{"rendered":"","protected":false},"author":12,"featured_media":0,"parent":0,"menu_order":0,"comment_status":"closed","ping_status":"closed","template":"","meta":{"_acf_changed":false,"_relevanssi_hide_post":"","_relevanssi_pin_for_all":"","_relevanssi_pin_keywords":"","_relevanssi_unpin_keywords":"","_relevanssi_related_keywords":"","_relevanssi_related_include_ids":"","_relevanssi_related_exclude_ids":"","_relevanssi_related_no_append":"","_relevanssi_related_not_related":"","_relevanssi_related_posts":"","_relevanssi_noindex_reason":"","footnotes":""},"class_list":["post-700","page","type-page","status-publish","hentry"],"acf":[],"yoast_head":"<!-- This site is optimized with the Yoast SEO plugin v27.3 - https:\/\/yoast.com\/product\/yoast-seo-wordpress\/ -->\n<title>\u30d6\u30e9\u30f3\u30c9\u306e\u6b74\u53f2 - Antoine Courtois<\/title>\n<meta name=\"robots\" content=\"index, follow, max-snippet:-1, max-image-preview:large, max-video-preview:-1\" \/>\n<link rel=\"canonical\" href=\"https:\/\/www.a-courtois.com\/ja\/our-story\/\" \/>\n<meta property=\"og:locale\" content=\"en_US\" \/>\n<meta property=\"og:type\" content=\"article\" \/>\n<meta property=\"og:title\" content=\"\u30d6\u30e9\u30f3\u30c9\u306e\u6b74\u53f2 - Antoine Courtois\" \/>\n<meta property=\"og:url\" content=\"https:\/\/www.a-courtois.com\/ja\/our-story\/\" \/>\n<meta property=\"og:site_name\" content=\"Antoine Courtois\" \/>\n<meta property=\"article:publisher\" content=\"http:\/\/www.facebook.com\/AntoineCourtoisParis\" \/>\n<meta property=\"article:modified_time\" content=\"2021-10-25T15:57:13+00:00\" \/>\n<meta name=\"twitter:card\" content=\"summary_large_image\" \/>\n<meta name=\"twitter:site\" content=\"@antoinecourtois\" \/>\n<script type=\"application\/ld+json\" class=\"yoast-schema-graph\">{\"@context\":\"https:\\\/\\\/schema.org\",\"@graph\":[{\"@type\":\"WebPage\",\"@id\":\"https:\\\/\\\/www.a-courtois.com\\\/ja\\\/our-story\\\/\",\"url\":\"https:\\\/\\\/www.a-courtois.com\\\/ja\\\/our-story\\\/\",\"name\":\"\u30d6\u30e9\u30f3\u30c9\u306e\u6b74\u53f2 - Antoine Courtois\",\"isPartOf\":{\"@id\":\"https:\\\/\\\/www.a-courtois.com\\\/ja\\\/#website\"},\"datePublished\":\"2016-06-30T05:17:11+00:00\",\"dateModified\":\"2021-10-25T15:57:13+00:00\",\"inLanguage\":\"ja-JA\",\"potentialAction\":[{\"@type\":\"ReadAction\",\"target\":[\"https:\\\/\\\/www.a-courtois.com\\\/ja\\\/our-story\\\/\"]}]},{\"@type\":\"WebSite\",\"@id\":\"https:\\\/\\\/www.a-courtois.com\\\/ja\\\/#website\",\"url\":\"https:\\\/\\\/www.a-courtois.com\\\/ja\\\/\",\"name\":\"Antoine Courtois\",\"description\":\"Paris\",\"publisher\":{\"@id\":\"https:\\\/\\\/www.a-courtois.com\\\/ja\\\/#organization\"},\"potentialAction\":[{\"@type\":\"SearchAction\",\"target\":{\"@type\":\"EntryPoint\",\"urlTemplate\":\"https:\\\/\\\/www.a-courtois.com\\\/ja\\\/?s={search_term_string}\"},\"query-input\":{\"@type\":\"PropertyValueSpecification\",\"valueRequired\":true,\"valueName\":\"search_term_string\"}}],\"inLanguage\":\"ja-JA\"},{\"@type\":\"Organization\",\"@id\":\"https:\\\/\\\/www.a-courtois.com\\\/ja\\\/#organization\",\"name\":\"Antoine Courtois\",\"url\":\"https:\\\/\\\/www.a-courtois.com\\\/ja\\\/\",\"logo\":{\"@type\":\"ImageObject\",\"inLanguage\":\"ja-JA\",\"@id\":\"https:\\\/\\\/www.a-courtois.com\\\/ja\\\/#\\\/schema\\\/logo\\\/image\\\/\",\"url\":\"https:\\\/\\\/wpmanager.buffet-group.com\\\/courtois\\\/wp-content\\\/uploads\\\/sites\\\/7\\\/2016\\\/05\\\/cropped-acourtois_b.png\",\"contentUrl\":\"https:\\\/\\\/wpmanager.buffet-group.com\\\/courtois\\\/wp-content\\\/uploads\\\/sites\\\/7\\\/2016\\\/05\\\/cropped-acourtois_b.png\",\"width\":512,\"height\":512,\"caption\":\"Antoine Courtois\"},\"image\":{\"@id\":\"https:\\\/\\\/www.a-courtois.com\\\/ja\\\/#\\\/schema\\\/logo\\\/image\\\/\"},\"sameAs\":[\"http:\\\/\\\/www.facebook.com\\\/AntoineCourtoisParis\",\"https:\\\/\\\/x.com\\\/antoinecourtois\",\"https:\\\/\\\/www.instagram.com\\\/antoinecourtoisparis\\\/\",\"http:\\\/\\\/www.youtube.com\\\/AntoineCourtoisParis\"]}]}<\/script>\n<!-- \/ Yoast SEO plugin. -->","yoast_head_json":{"title":"\u30d6\u30e9\u30f3\u30c9\u306e\u6b74\u53f2 - Antoine Courtois","robots":{"index":"index","follow":"follow","max-snippet":"max-snippet:-1","max-image-preview":"max-image-preview:large","max-video-preview":"max-video-preview:-1"},"canonical":"https:\/\/www.a-courtois.com\/ja\/our-story\/","og_locale":"en_US","og_type":"article","og_title":"\u30d6\u30e9\u30f3\u30c9\u306e\u6b74\u53f2 - Antoine Courtois","og_url":"https:\/\/www.a-courtois.com\/ja\/our-story\/","og_site_name":"Antoine Courtois","article_publisher":"http:\/\/www.facebook.com\/AntoineCourtoisParis","article_modified_time":"2021-10-25T15:57:13+00:00","twitter_card":"summary_large_image","twitter_site":"@antoinecourtois","schema":{"@context":"https:\/\/schema.org","@graph":[{"@type":"WebPage","@id":"https:\/\/www.a-courtois.com\/ja\/our-story\/","url":"https:\/\/www.a-courtois.com\/ja\/our-story\/","name":"\u30d6\u30e9\u30f3\u30c9\u306e\u6b74\u53f2 - Antoine Courtois","isPartOf":{"@id":"https:\/\/www.a-courtois.com\/ja\/#website"},"datePublished":"2016-06-30T05:17:11+00:00","dateModified":"2021-10-25T15:57:13+00:00","inLanguage":"ja-JA","potentialAction":[{"@type":"ReadAction","target":["https:\/\/www.a-courtois.com\/ja\/our-story\/"]}]},{"@type":"WebSite","@id":"https:\/\/www.a-courtois.com\/ja\/#website","url":"https:\/\/www.a-courtois.com\/ja\/","name":"Antoine Courtois","description":"Paris","publisher":{"@id":"https:\/\/www.a-courtois.com\/ja\/#organization"},"potentialAction":[{"@type":"SearchAction","target":{"@type":"EntryPoint","urlTemplate":"https:\/\/www.a-courtois.com\/ja\/?s={search_term_string}"},"query-input":{"@type":"PropertyValueSpecification","valueRequired":true,"valueName":"search_term_string"}}],"inLanguage":"ja-JA"},{"@type":"Organization","@id":"https:\/\/www.a-courtois.com\/ja\/#organization","name":"Antoine Courtois","url":"https:\/\/www.a-courtois.com\/ja\/","logo":{"@type":"ImageObject","inLanguage":"ja-JA","@id":"https:\/\/www.a-courtois.com\/ja\/#\/schema\/logo\/image\/","url":"https:\/\/wpmanager.buffet-group.com\/courtois\/wp-content\/uploads\/sites\/7\/2016\/05\/cropped-acourtois_b.png","contentUrl":"https:\/\/wpmanager.buffet-group.com\/courtois\/wp-content\/uploads\/sites\/7\/2016\/05\/cropped-acourtois_b.png","width":512,"height":512,"caption":"Antoine Courtois"},"image":{"@id":"https:\/\/www.a-courtois.com\/ja\/#\/schema\/logo\/image\/"},"sameAs":["http:\/\/www.facebook.com\/AntoineCourtoisParis","https:\/\/x.com\/antoinecourtois","https:\/\/www.instagram.com\/antoinecourtoisparis\/","http:\/\/www.youtube.com\/AntoineCourtoisParis"]}]}},"_links":{"self":[{"href":"https:\/\/www.a-courtois.com\/ja\/wp-json\/wp\/v2\/pages\/700","targetHints":{"allow":["GET"]}}],"collection":[{"href":"https:\/\/www.a-courtois.com\/ja\/wp-json\/wp\/v2\/pages"}],"about":[{"href":"https:\/\/www.a-courtois.com\/ja\/wp-json\/wp\/v2\/types\/page"}],"author":[{"embeddable":true,"href":"https:\/\/www.a-courtois.com\/ja\/wp-json\/wp\/v2\/users\/12"}],"replies":[{"embeddable":true,"href":"https:\/\/www.a-courtois.com\/ja\/wp-json\/wp\/v2\/comments?post=700"}],"version-history":[{"count":3,"href":"https:\/\/www.a-courtois.com\/ja\/wp-json\/wp\/v2\/pages\/700\/revisions"}],"predecessor-version":[{"id":2720,"href":"https:\/\/www.a-courtois.com\/ja\/wp-json\/wp\/v2\/pages\/700\/revisions\/2720"}],"wp:attachment":[{"href":"https:\/\/www.a-courtois.com\/ja\/wp-json\/wp\/v2\/media?parent=700"}],"curies":[{"name":"wp","href":"https:\/\/api.w.org\/{rel}","templated":true}]}}