{"id":399,"date":"2016-05-15T11:46:20","date_gmt":"2016-05-15T10:46:20","guid":{"rendered":"https:\/\/wpmanager.buffet-group.com\/courtois\/fr\/about-us\/"},"modified":"2016-05-31T08:40:14","modified_gmt":"2016-05-31T07:40:14","slug":"a-propos","status":"publish","type":"page","link":"https:\/\/www.a-courtois.com\/fr\/a-propos\/","title":{"rendered":"\u00c0 Propos"},"content":{"rendered":"<h3>ELEGANCE<\/h3>\n<p>Qualifi\u00e9e aujourd\u2019hui de haute manufacture des instruments cuivres, la marque Antoine Courtois se distingue avec succ\u00e8s depuis plus de deux si\u00e8cles. La soci\u00e9t\u00e9 Courtois fut fond\u00e9e en 1803 mais c\u2019est pourtant d\u00e8s 1789 que la famille Courtois r\u00e9alisa ses premi\u00e8res trompettes de cavalerie. L\u2019\u00e9l\u00e9gance de la facture instrumentale fran\u00e7aise prend tout son sens au c\u0153ur des ateliers situ\u00e9s \u00e0 Amboise. Cette culture riche de savoir-faire et de valeurs historiques impr\u00e8gnent les trompettes, les bugles, les trombones et les saxhorns de la marque. Les instruments Antoine Courtois s\u00e9duisent solistes et musiciens au sein des plus grands orchestres symphoniques et ensembles de jazz du monde entier.<\/p>\n<h3>ART SYMPHONIQUE &#8211; LA CONFIANCE DES GRANDS MAITRES<br \/>\n<\/h3>\n<p>Les instruments professionnels Antoine Courtois, d\u00e9di\u00e9s aux musiciens d\u2019orchestre et aux solistes internationaux, se d\u00e9clinent en mod\u00e8les poss\u00e9dant de nombreuses options afin de r\u00e9pondre avec pr\u00e9cision aux besoins de chacun. Le savoir-faire manuel ancestral que nos artisans se transmettent de g\u00e9n\u00e9ration en g\u00e9n\u00e9ration, garantit un son riche, unique et une v\u00e9ritable \u00e2me qui conf\u00e8rent aux instruments Antoine Courtois une place d\u2019honneur au sein des plus c\u00e9l\u00e8bres orchestres du monde.<\/p>\n<h3>ART DU JAZZ &#8211; LE TEMPS DE LA LIBERTE<\/h3>\n<p>Les instruments Antoine Courtois XTREME sont d\u00e9di\u00e9s aux artistes du jazz et des musiques actuelles. Leurs conceptions et leurs designs se consacrent \u00e0 ces univers qui requi\u00e8rent d\u2019une part des couleurs de son particuli\u00e8res et d\u2019autre part des caract\u00e9ristiques de jeu adapt\u00e9es. La qualit\u00e9 faite main des instruments Antoine Courtois et en particulier de leurs pavillons, permet avec le temps aux trompettes et aux trombones XTREME de s\u2019adapter aux styles de jeu de chacun afin de devenir des instruments uniques.<\/p>\n","protected":false},"excerpt":{"rendered":"<p>ELEGANCE Qualifi\u00e9e aujourd\u2019hui de haute manufacture des instruments cuivres, la marque Antoine Courtois se distingue avec succ\u00e8s depuis plus de deux si\u00e8cles. La soci\u00e9t\u00e9 Courtois fut fond\u00e9e en 1803 mais c\u2019est pourtant d\u00e8s 1789 que la famille Courtois r\u00e9alisa ses premi\u00e8res trompettes de cavalerie. L\u2019\u00e9l\u00e9gance de la facture instrumentale fran\u00e7aise prend tout son sens au [&hellip;]<\/p>\n","protected":false},"author":12,"featured_media":0,"parent":0,"menu_order":0,"comment_status":"closed","ping_status":"closed","template":"","meta":{"_acf_changed":false,"_relevanssi_hide_post":"","_relevanssi_pin_for_all":"","_relevanssi_pin_keywords":"","_relevanssi_unpin_keywords":"","_relevanssi_related_keywords":"","_relevanssi_related_include_ids":"","_relevanssi_related_exclude_ids":"","_relevanssi_related_no_append":"","_relevanssi_related_not_related":"","_relevanssi_related_posts":"","_relevanssi_noindex_reason":"","footnotes":""},"class_list":["post-399","page","type-page","status-publish","hentry"],"acf":[],"yoast_head":"<!-- This site is optimized with the Yoast SEO plugin v27.4 - https:\/\/yoast.com\/product\/yoast-seo-wordpress\/ -->\n<title>\u00c0 Propos - Antoine Courtois<\/title>\n<meta name=\"robots\" content=\"index, follow, max-snippet:-1, max-image-preview:large, max-video-preview:-1\" \/>\n<link rel=\"canonical\" href=\"https:\/\/www.a-courtois.com\/fr\/a-propos\/\" \/>\n<meta property=\"og:locale\" content=\"fr_FR\" \/>\n<meta property=\"og:type\" content=\"article\" \/>\n<meta property=\"og:title\" content=\"\u00c0 Propos - Antoine Courtois\" \/>\n<meta property=\"og:description\" content=\"ELEGANCE Qualifi\u00e9e aujourd\u2019hui de haute manufacture des instruments cuivres, la marque Antoine Courtois se distingue avec succ\u00e8s depuis plus de deux si\u00e8cles. La soci\u00e9t\u00e9 Courtois fut fond\u00e9e en 1803 mais c\u2019est pourtant d\u00e8s 1789 que la famille Courtois r\u00e9alisa ses premi\u00e8res trompettes de cavalerie. L\u2019\u00e9l\u00e9gance de la facture instrumentale fran\u00e7aise prend tout son sens au [&hellip;]\" \/>\n<meta property=\"og:url\" content=\"https:\/\/www.a-courtois.com\/fr\/a-propos\/\" \/>\n<meta property=\"og:site_name\" content=\"Antoine Courtois\" \/>\n<meta property=\"article:publisher\" content=\"http:\/\/www.facebook.com\/AntoineCourtoisParis\" \/>\n<meta property=\"article:modified_time\" content=\"2016-05-31T07:40:14+00:00\" \/>\n<meta name=\"twitter:card\" content=\"summary_large_image\" \/>\n<meta name=\"twitter:site\" content=\"@antoinecourtois\" \/>\n<meta name=\"twitter:label1\" content=\"Dur\u00e9e de lecture estim\u00e9e\" \/>\n\t<meta name=\"twitter:data1\" content=\"2 minutes\" \/>\n<script type=\"application\/ld+json\" class=\"yoast-schema-graph\">{\"@context\":\"https:\\\/\\\/schema.org\",\"@graph\":[{\"@type\":\"WebPage\",\"@id\":\"https:\\\/\\\/www.a-courtois.com\\\/fr\\\/a-propos\\\/\",\"url\":\"https:\\\/\\\/www.a-courtois.com\\\/fr\\\/a-propos\\\/\",\"name\":\"\u00c0 Propos - Antoine Courtois\",\"isPartOf\":{\"@id\":\"https:\\\/\\\/www.a-courtois.com\\\/fr\\\/#website\"},\"datePublished\":\"2016-05-15T10:46:20+00:00\",\"dateModified\":\"2016-05-31T07:40:14+00:00\",\"inLanguage\":\"fr-FR\",\"potentialAction\":[{\"@type\":\"ReadAction\",\"target\":[\"https:\\\/\\\/www.a-courtois.com\\\/fr\\\/a-propos\\\/\"]}]},{\"@type\":\"WebSite\",\"@id\":\"https:\\\/\\\/www.a-courtois.com\\\/fr\\\/#website\",\"url\":\"https:\\\/\\\/www.a-courtois.com\\\/fr\\\/\",\"name\":\"Antoine Courtois\",\"description\":\"Paris\",\"publisher\":{\"@id\":\"https:\\\/\\\/www.a-courtois.com\\\/fr\\\/#organization\"},\"potentialAction\":[{\"@type\":\"SearchAction\",\"target\":{\"@type\":\"EntryPoint\",\"urlTemplate\":\"https:\\\/\\\/www.a-courtois.com\\\/fr\\\/?s={search_term_string}\"},\"query-input\":{\"@type\":\"PropertyValueSpecification\",\"valueRequired\":true,\"valueName\":\"search_term_string\"}}],\"inLanguage\":\"fr-FR\"},{\"@type\":\"Organization\",\"@id\":\"https:\\\/\\\/www.a-courtois.com\\\/fr\\\/#organization\",\"name\":\"Antoine Courtois\",\"url\":\"https:\\\/\\\/www.a-courtois.com\\\/fr\\\/\",\"logo\":{\"@type\":\"ImageObject\",\"inLanguage\":\"fr-FR\",\"@id\":\"https:\\\/\\\/www.a-courtois.com\\\/fr\\\/#\\\/schema\\\/logo\\\/image\\\/\",\"url\":\"https:\\\/\\\/wpmanager.buffet-group.com\\\/courtois\\\/wp-content\\\/uploads\\\/sites\\\/7\\\/2016\\\/05\\\/cropped-acourtois_b.png\",\"contentUrl\":\"https:\\\/\\\/wpmanager.buffet-group.com\\\/courtois\\\/wp-content\\\/uploads\\\/sites\\\/7\\\/2016\\\/05\\\/cropped-acourtois_b.png\",\"width\":512,\"height\":512,\"caption\":\"Antoine Courtois\"},\"image\":{\"@id\":\"https:\\\/\\\/www.a-courtois.com\\\/fr\\\/#\\\/schema\\\/logo\\\/image\\\/\"},\"sameAs\":[\"http:\\\/\\\/www.facebook.com\\\/AntoineCourtoisParis\",\"https:\\\/\\\/x.com\\\/antoinecourtois\",\"https:\\\/\\\/www.instagram.com\\\/antoinecourtoisparis\\\/\",\"http:\\\/\\\/www.youtube.com\\\/AntoineCourtoisParis\"]}]}<\/script>\n<!-- \/ Yoast SEO plugin. -->","yoast_head_json":{"title":"\u00c0 Propos - Antoine Courtois","robots":{"index":"index","follow":"follow","max-snippet":"max-snippet:-1","max-image-preview":"max-image-preview:large","max-video-preview":"max-video-preview:-1"},"canonical":"https:\/\/www.a-courtois.com\/fr\/a-propos\/","og_locale":"fr_FR","og_type":"article","og_title":"\u00c0 Propos - Antoine Courtois","og_description":"ELEGANCE Qualifi\u00e9e aujourd\u2019hui de haute manufacture des instruments cuivres, la marque Antoine Courtois se distingue avec succ\u00e8s depuis plus de deux si\u00e8cles. La soci\u00e9t\u00e9 Courtois fut fond\u00e9e en 1803 mais c\u2019est pourtant d\u00e8s 1789 que la famille Courtois r\u00e9alisa ses premi\u00e8res trompettes de cavalerie. L\u2019\u00e9l\u00e9gance de la facture instrumentale fran\u00e7aise prend tout son sens au [&hellip;]","og_url":"https:\/\/www.a-courtois.com\/fr\/a-propos\/","og_site_name":"Antoine Courtois","article_publisher":"http:\/\/www.facebook.com\/AntoineCourtoisParis","article_modified_time":"2016-05-31T07:40:14+00:00","twitter_card":"summary_large_image","twitter_site":"@antoinecourtois","twitter_misc":{"Dur\u00e9e de lecture estim\u00e9e":"2 minutes"},"schema":{"@context":"https:\/\/schema.org","@graph":[{"@type":"WebPage","@id":"https:\/\/www.a-courtois.com\/fr\/a-propos\/","url":"https:\/\/www.a-courtois.com\/fr\/a-propos\/","name":"\u00c0 Propos - Antoine Courtois","isPartOf":{"@id":"https:\/\/www.a-courtois.com\/fr\/#website"},"datePublished":"2016-05-15T10:46:20+00:00","dateModified":"2016-05-31T07:40:14+00:00","inLanguage":"fr-FR","potentialAction":[{"@type":"ReadAction","target":["https:\/\/www.a-courtois.com\/fr\/a-propos\/"]}]},{"@type":"WebSite","@id":"https:\/\/www.a-courtois.com\/fr\/#website","url":"https:\/\/www.a-courtois.com\/fr\/","name":"Antoine Courtois","description":"Paris","publisher":{"@id":"https:\/\/www.a-courtois.com\/fr\/#organization"},"potentialAction":[{"@type":"SearchAction","target":{"@type":"EntryPoint","urlTemplate":"https:\/\/www.a-courtois.com\/fr\/?s={search_term_string}"},"query-input":{"@type":"PropertyValueSpecification","valueRequired":true,"valueName":"search_term_string"}}],"inLanguage":"fr-FR"},{"@type":"Organization","@id":"https:\/\/www.a-courtois.com\/fr\/#organization","name":"Antoine Courtois","url":"https:\/\/www.a-courtois.com\/fr\/","logo":{"@type":"ImageObject","inLanguage":"fr-FR","@id":"https:\/\/www.a-courtois.com\/fr\/#\/schema\/logo\/image\/","url":"https:\/\/wpmanager.buffet-group.com\/courtois\/wp-content\/uploads\/sites\/7\/2016\/05\/cropped-acourtois_b.png","contentUrl":"https:\/\/wpmanager.buffet-group.com\/courtois\/wp-content\/uploads\/sites\/7\/2016\/05\/cropped-acourtois_b.png","width":512,"height":512,"caption":"Antoine Courtois"},"image":{"@id":"https:\/\/www.a-courtois.com\/fr\/#\/schema\/logo\/image\/"},"sameAs":["http:\/\/www.facebook.com\/AntoineCourtoisParis","https:\/\/x.com\/antoinecourtois","https:\/\/www.instagram.com\/antoinecourtoisparis\/","http:\/\/www.youtube.com\/AntoineCourtoisParis"]}]}},"_links":{"self":[{"href":"https:\/\/www.a-courtois.com\/fr\/wp-json\/wp\/v2\/pages\/399","targetHints":{"allow":["GET"]}}],"collection":[{"href":"https:\/\/www.a-courtois.com\/fr\/wp-json\/wp\/v2\/pages"}],"about":[{"href":"https:\/\/www.a-courtois.com\/fr\/wp-json\/wp\/v2\/types\/page"}],"author":[{"embeddable":true,"href":"https:\/\/www.a-courtois.com\/fr\/wp-json\/wp\/v2\/users\/12"}],"replies":[{"embeddable":true,"href":"https:\/\/www.a-courtois.com\/fr\/wp-json\/wp\/v2\/comments?post=399"}],"version-history":[{"count":3,"href":"https:\/\/www.a-courtois.com\/fr\/wp-json\/wp\/v2\/pages\/399\/revisions"}],"predecessor-version":[{"id":585,"href":"https:\/\/www.a-courtois.com\/fr\/wp-json\/wp\/v2\/pages\/399\/revisions\/585"}],"wp:attachment":[{"href":"https:\/\/www.a-courtois.com\/fr\/wp-json\/wp\/v2\/media?parent=399"}],"curies":[{"name":"wp","href":"https:\/\/api.w.org\/{rel}","templated":true}]}}